{"id":72,"date":"2016-04-08T13:35:26","date_gmt":"2016-04-08T12:35:26","guid":{"rendered":"http:\/\/www.eveilpourpre.org\/?page_id=72"},"modified":"2025-03-19T17:37:59","modified_gmt":"2025-03-19T16:37:59","slug":"licorne","status":"publish","type":"page","link":"https:\/\/eveilpourpre.ovh\/index.php\/licorne\/","title":{"rendered":"La Licorne d&rsquo;OR"},"content":{"rendered":"<p style=\"text-align: center;\"><a href=\"https:\/\/eveilpourpre.ovh\/wp-content\/uploads\/2016\/04\/femme_aux_oiseaux-2.jpg\"><img loading=\"lazy\" decoding=\"async\" class=\"size-medium wp-image-76 aligncenter\" alt=\"femme_aux_oiseaux\" src=\"https:\/\/www.eveilpourpre.ovh\/wp-content\/uploads\/femme_aux_oiseaux-300x300.jpg\" width=\"300\" height=\"300\" \/><\/a><\/p>\n<h3 style=\"text-align: center;\">\u00a0Avec La Licorne d&rsquo;OR, Diane vous propose des cours de :<\/h3>\n<p style=\"text-align: center;\">Voyance<\/p>\n<p style=\"text-align: center;\">Radiesth\u00e9sie<\/p>\n<p style=\"text-align: center;\">Magn\u00e9tisme<\/p>\n<p style=\"text-align: center;\">Cartes et Tarots<\/p>\n<p style=\"text-align: center;\">Lignes de la main<\/p>\n<p style=\"text-align: center;\">Symbolisme Esot\u00e9rique<\/p>\n<p style=\"text-align: center;\">Les Chakras<\/p>\n","protected":false},"excerpt":{"rendered":"<p>\u00a0Avec La Licorne d&rsquo;OR, Diane vous propose des cours de : Voyance Radiesth\u00e9sie Magn\u00e9tisme Cartes et Tarots Lignes de la main Symbolisme Esot\u00e9rique Les Chakras<\/p>\n","protected":false},"author":2,"featured_media":0,"parent":0,"menu_order":0,"comment_status":"open","ping_status":"open","template":"prod_page_d_e_base.php","meta":{"om_disable_all_campaigns":false,"_monsterinsights_skip_tracking":false,"_monsterinsights_sitenote_active":false,"_monsterinsights_sitenote_note":"","_monsterinsights_sitenote_category":0,"footnotes":""},"class_list":["post-72","page","type-page","status-publish","hentry"],"aioseo_notices":[],"_links":{"self":[{"href":"https:\/\/eveilpourpre.ovh\/index.php\/wp-json\/wp\/v2\/pages\/72","targetHints":{"allow":["GET"]}}],"collection":[{"href":"https:\/\/eveilpourpre.ovh\/index.php\/wp-json\/wp\/v2\/pages"}],"about":[{"href":"https:\/\/eveilpourpre.ovh\/index.php\/wp-json\/wp\/v2\/types\/page"}],"author":[{"embeddable":true,"href":"https:\/\/eveilpourpre.ovh\/index.php\/wp-json\/wp\/v2\/users\/2"}],"replies":[{"embeddable":true,"href":"https:\/\/eveilpourpre.ovh\/index.php\/wp-json\/wp\/v2\/comments?post=72"}],"version-history":[{"count":1,"href":"https:\/\/eveilpourpre.ovh\/index.php\/wp-json\/wp\/v2\/pages\/72\/revisions"}],"predecessor-version":[{"id":309,"href":"https:\/\/eveilpourpre.ovh\/index.php\/wp-json\/wp\/v2\/pages\/72\/revisions\/309"}],"wp:attachment":[{"href":"https:\/\/eveilpourpre.ovh\/index.php\/wp-json\/wp\/v2\/media?parent=72"}],"curies":[{"name":"wp","href":"https:\/\/api.w.org\/{rel}","templated":true}]}}