{"id":47,"date":"2014-11-14T17:20:35","date_gmt":"2014-11-14T16:20:35","guid":{"rendered":"http:\/\/www.eveilpourpre.org\/?page_id=47"},"modified":"2025-03-19T17:47:23","modified_gmt":"2025-03-19T16:47:23","slug":"gustavio","status":"publish","type":"page","link":"https:\/\/eveilpourpre.ovh\/index.php\/gustavio\/","title":{"rendered":"Gustavio"},"content":{"rendered":"<p><a href=\"https:\/\/eveilpourpre.ovh\/wp-content\/uploads\/2016\/04\/gustavio-2.jpg\"><img loading=\"lazy\" decoding=\"async\" class=\"size-medium wp-image-67 alignleft\" style=\"margin-right: 10px;\" src=\"https:\/\/www.eveilpourpre.ovh\/wp-content\/uploads\/gustavio-213x300.jpg\" alt=\"gustavio\" width=\"213\" height=\"300\" \/><\/a>J&rsquo;ai \u00e9crit GUSTAVIO L&rsquo;ESCARGOT au cours d&rsquo;une fin de nuit du mois de F\u00e9vrier 2007 en \u00e0 peine deux heures .Une inspiration imm\u00e9diate , rapide retranscrite d&rsquo;un seul trait comme souvent et qui m&rsquo;a conduite jusqu&rsquo;\u00e0 l&rsquo;aube . L&rsquo;hiver ne donne pas \u00e0 cet intervalle toute sa lumi\u00e8re , mais dans mon coeur vert et bleu ce que j&rsquo;achevais d&rsquo;\u00e9crire \u00e0 cet instant m&#8217;emplissait de la magie au sein de laquelle je venais de me plonger toute enti\u00e8re . Ecrire pour me faire r\u00eaver , puis vous entra\u00eener dans cet &lsquo;imaginaire &#8230;<\/p>\n<p>Le r\u00e9cit de GUSTAVIO L&rsquo;ESCARGOT est non seulement un conte po\u00e9tique pour enfants au coeur d&rsquo;un jardin des d\u00e9lices , rempli d&rsquo;animaux insolites , de f\u00e9es , de lutins et d&rsquo;enchanteurs , mais \u00e9galement un conte philosophique pour les grandes personnes . Il est question du chemin initiatique sur lequel nous sommes tous en marche , de nos talents et de nos dons cach\u00e9s , de nos d\u00e9fis et \u00e9preuves \u00e0 relever , du Jardin d&rsquo;Eden et de son paradis perdu , de l&rsquo;exil , de l&rsquo;abandon et de la solitude , de l&rsquo;handicap et de la diff\u00e9rence , de solidarit\u00e9 et de fraternit\u00e9 , \u00a0d&rsquo;\u00e9cologie et de sauvegarde , de l&rsquo;amour qui seul nous sauve et demeure la seule \u00e9nergie de gu\u00e9rison , de respect et de libert\u00e9 , octroyant cette m\u00e9tamorphose que nous devons tous accomplir en notre destin\u00e9e et qui justifie notre passage sur terre .Si au gr\u00e9 de cette lecture , quelques personnes d\u00e9c\u00e8lent les myst\u00e8res des traditions les plus anciennes , elles en seront bienheureuses .<\/p>\n<p>Pourquoi le nom de \u00ab\u00a0Gustavio\u00a0\u00bb ? Gustavio comme Gustatif , puisque c&rsquo;est le p\u00each\u00e9 de Gourmandise qui perd notre jeune h\u00e9ros escargot et le propulse dans des aventures de reconqu\u00eate avant tout de lui -m\u00eame et de tout ce qui est cher \u00e0 son coeur .<\/p>\n<p>En hommage \u00e0 Gustav JUNG , mon ma\u00eetre de Psychanalyse , en admiration pour Gustav Klimt mon peintre d&rsquo;\u00e9merveillement , pour le \u00ab\u00a0G\u00a0\u00bb de la G\u00e9om\u00e9trie Sacr\u00e9e , du Nombre d&rsquo;Or et de son appel vers l&rsquo;Infini &#8230; ( je vous laisse d\u00e9couvrir Gustav Fechner , pionnier de la Psychologie Exp\u00e9rimentale ) , puis le \u00ab\u00a0G\u00a0\u00bb de la Gravitation , et aussi pour le marmonnement obstin\u00e9 de Galil\u00e9e dans sa barbe au sortir du tribunal ( vous irez rechercher &#8230;) ,et bien-entendu pour la Spirale Merveilleuse de la coquille \u00ab\u00a0logarithmique\u00a0\u00bb de notre escargot aux mystiques proportions en qu\u00eate de perfection et de sagesse divine &#8230;<\/p>\n<p>En v\u00e9rit\u00e9 , je n&rsquo;avais pas song\u00e9 \u00e0 tout cel\u00e0 , les \u00e9vidences me sont venues apr\u00e8s : car il y a \u00a0aussi \u00ab\u00a0Ghimel\u00a0\u00bb : la troisi\u00e8me lettre de l&rsquo;alephbeth , sa lumi\u00e8re chaude et puissante qui exprime la gr\u00e2ce , le don , l&rsquo;Amour et la g\u00e9n\u00e9rosit\u00e9 infinie de Dieu . La source d&rsquo;eau pure qui dans le d\u00e9sert se donne aux voyageurs assoiff\u00e9s . \u00ab\u00a0Devenir Ghimel\u00a0\u00bb c&rsquo;est accomplir la volont\u00e9 de notre r\u00e9alit\u00e9 divine et non celle du \u00ab\u00a0petit-je\u00a0\u00bb .<\/p>\n<p>Gustavio ( Ghimel) le passeur , le lib\u00e9rateur , le sauveur ; celui que l&rsquo;Eternel envoie pour guider son peuple \u00e0 travers le d\u00e9sert . Saurons -nous \u00eatre un temple pour recevoir la Connaissance vivante : La Kabbalah \u00e9ternelle ?\u00a0Nous ne p\u00e9n\u00e9trons en terre promise qu&rsquo;en nous-m\u00eames , au plus profond de notre \u00eatre , dans la joie de rena\u00eetre et d&rsquo;\u00eatre .<\/p>\n<p>Presque \u00e0 la fin du livre , notre h\u00e9ros accomplit une \u00e9preuve particuli\u00e8re que je ne d\u00e9voile surtout pas maintenant . Sachez que trois jours \u00e0 peine apr\u00e8s avoir termin\u00e9 l&rsquo;\u00e9criture , une limace \u00e9chapp\u00e9e de nos paniers de bois pour la chemin\u00e9e a laiss\u00e9 bien en \u00e9vidence son empreinte argent\u00e9e dans le salon , comme une r\u00e9ponse \u00e0 mon inspiration pr\u00e9c\u00e9dente . Ce fut un \u00e9clat de rires g\u00e9n\u00e9ral en famille et nous y avons vu un heureux pr\u00e9sage , la preuve que la t\u00e9l\u00e9pathie entre les animaux et les humains est permanente , et par sa mat\u00e9rialisation \u00e9nerg\u00e9tique que la magie existe .<\/p>\n<p>Un jour peut-\u00eatre j&rsquo;\u00e9crirai la suite de cette histoire o\u00f9 la transmission est Reine comme Notre D\u00e9esse &#8211; M\u00e8re La Terre , le berceau de l&rsquo; Homme Debout \u00a0&#8230; qui n&rsquo;a pas deux mains pour prendre mais bien plut\u00f4t une main pour donner et l&rsquo;autre pour apaiser .<\/p>\n<p>Pour ce conte , je souhaite la collaboration avec un illustrateur et un \u00e9diteur , ou un cr\u00e9ateur de dessins anim\u00e9s , car \u00ab\u00a0Gustavio L&rsquo;escargot\u00a0\u00bb au-del\u00e0 de son message d &lsquo;espoir , d&rsquo;\u00e9cologie et de sauvegarde , et de son \u00e9veil de conscience , ferait un enchantement visuel et musical \u00a0merveilleux !!!<\/p>\n<p>Le texte en version th\u00e9\u00e2trale est pr\u00eat offrant la possibilit\u00e9 d&rsquo;un spectacle vivant qui ravira petits et grands .<\/p>\n<p>Pour l&rsquo;heure , je vous laisse en extrait la comptine du Merle Blanc au Bec Bleu :<\/p>\n<p>\u00ab\u00a0Je suis le merle moqueur qui arrache le malheur d&rsquo;un coup de bec tueur , je suis le merle parleur , je suis l&rsquo;amuseur , qui enl\u00e8ve les pleurs , je suis le merle rieur , le merle enchanteur qui apporte le bonheur , je suis le merle siffleur , je suis le d\u00e9livreur des secrets du coeur , mes plumes ont la douceur de la m\u00e9lodie du bonheur , je suis le merle blanc au bec bleu , je viens du confins des cieux , je visite tous les malheureux , je suis le guide des Dieux qui offrent un destin fameux , celui qui lit dans mes yeux sera exauc\u00e9 de trois voeux .\u00a0\u00bb<\/p>\n<p>Et pour finir cette \u00e9bauche de pr\u00e9sentation , le message de Gustavio l&rsquo;Escargot :<\/p>\n<p>\u00ab\u00a0Pensez humains , que la terre d&rsquo;avant pure , enti\u00e8re et belle vous a \u00e9t\u00e9 offerte . Que la terre de demain a votre coeur aimant demeure en naturelle et non notre perte . Que si douce soit votre main sans autres causes de tourments , qu&rsquo;\u00e2mes vives et fleurs nouvelles voient la naissance de l&rsquo;aube verte . Plan\u00e8te bleue au fond des yeux , plan\u00e8te unique dans les cieux , Homme inconscient tu n&rsquo;es pas Dieu , il n&rsquo;y aura pas de prochain voeu .\u00a0\u00bb<\/p>\n<p>Diane<\/p>\n<p><img loading=\"lazy\" decoding=\"async\" class=\"aligncenter  wp-image-161\" src=\"https:\/\/www.eveilpourpre.ovh\/wp-content\/uploads\/FLYER-GUSTAVIO-Isaure-escalier-en-pierres-212x300.jpg\" alt=\"\" width=\"284\" height=\"402\" \/><\/p>\n<p>&nbsp;<\/p>\n","protected":false},"excerpt":{"rendered":"<p>J&rsquo;ai \u00e9crit GUSTAVIO L&rsquo;ESCARGOT au cours d&rsquo;une fin de nuit du mois de F\u00e9vrier 2007 en \u00e0 peine deux heures .Une inspiration imm\u00e9diate , rapide retranscrite d&rsquo;un seul trait comme souvent et qui m&rsquo;a conduite jusqu&rsquo;\u00e0 l&rsquo;aube . L&rsquo;hiver ne donne pas \u00e0 cet intervalle toute sa lumi\u00e8re , mais dans mon coeur vert et [&hellip;]<\/p>\n","protected":false},"author":2,"featured_media":0,"parent":0,"menu_order":0,"comment_status":"open","ping_status":"open","template":"prod_page_d_e_base.php","meta":{"om_disable_all_campaigns":false,"_monsterinsights_skip_tracking":false,"_monsterinsights_sitenote_active":false,"_monsterinsights_sitenote_note":"","_monsterinsights_sitenote_category":0,"footnotes":""},"class_list":["post-47","page","type-page","status-publish","hentry"],"aioseo_notices":[],"_links":{"self":[{"href":"https:\/\/eveilpourpre.ovh\/index.php\/wp-json\/wp\/v2\/pages\/47","targetHints":{"allow":["GET"]}}],"collection":[{"href":"https:\/\/eveilpourpre.ovh\/index.php\/wp-json\/wp\/v2\/pages"}],"about":[{"href":"https:\/\/eveilpourpre.ovh\/index.php\/wp-json\/wp\/v2\/types\/page"}],"author":[{"embeddable":true,"href":"https:\/\/eveilpourpre.ovh\/index.php\/wp-json\/wp\/v2\/users\/2"}],"replies":[{"embeddable":true,"href":"https:\/\/eveilpourpre.ovh\/index.php\/wp-json\/wp\/v2\/comments?post=47"}],"version-history":[{"count":2,"href":"https:\/\/eveilpourpre.ovh\/index.php\/wp-json\/wp\/v2\/pages\/47\/revisions"}],"predecessor-version":[{"id":315,"href":"https:\/\/eveilpourpre.ovh\/index.php\/wp-json\/wp\/v2\/pages\/47\/revisions\/315"}],"wp:attachment":[{"href":"https:\/\/eveilpourpre.ovh\/index.php\/wp-json\/wp\/v2\/media?parent=47"}],"curies":[{"name":"wp","href":"https:\/\/api.w.org\/{rel}","templated":true}]}}