{"id":180,"date":"2019-07-19T12:48:17","date_gmt":"2019-07-19T11:48:17","guid":{"rendered":"https:\/\/www.eveilpourpre.org\/?page_id=180"},"modified":"2026-05-15T19:43:24","modified_gmt":"2026-05-15T17:43:24","slug":"danser","status":"publish","type":"page","link":"https:\/\/eveilpourpre.ovh\/index.php\/danser\/","title":{"rendered":"Fa Si La Danser"},"content":{"rendered":"\r\n<p style=\"font-size: 62px; text-align: center;\"><strong>\u00ab\u00a0Fa SI la Danser\u00a0\u00bb<\/strong><\/p>\r\n<p style=\"font-size: 40px; text-align: center;\"><strong>ATELIER MIS EN SOMMEIL<\/strong><\/p>\r\n<p class=\"has-text-align-center has-medium-font-size\">\r\n\r\n<\/p>\r\n<div class=\"wp-block-image\">\r\n<figure class=\"aligncenter is-resized\"><img loading=\"lazy\" decoding=\"async\" class=\"wp-image-196\" src=\"https:\/\/eveilpourpre.ovh\/wp-content\/uploads\/2019\/07\/silouhette-2.png\" alt=\"\" width=\"133\" height=\"132\" srcset=\"https:\/\/eveilpourpre.ovh\/wp-content\/uploads\/2019\/07\/silouhette-2.png 800w, https:\/\/eveilpourpre.ovh\/wp-content\/uploads\/2019\/07\/silouhette-2-300x300.png 300w, https:\/\/eveilpourpre.ovh\/wp-content\/uploads\/2019\/07\/silouhette-2-150x150.png 150w, https:\/\/eveilpourpre.ovh\/wp-content\/uploads\/2019\/07\/silouhette-2-768x768.png 768w\" sizes=\"auto, (max-width: 133px) 100vw, 133px\" \/><\/figure>\r\n<\/div>\r\n<p class=\"has-text-align-center has-medium-font-size\">\r\n\r\n<\/p>\r\n<h1 class=\"has-huge-font-size\" style=\"text-align: center;\"><strong>Atelier de Danses de Salon<br \/>Danse Sportive<\/strong><br \/><em><strong>avec <span style=\"text-decoration: underline;\">Pierre-Alain Autier<\/span><\/strong><\/em><\/h1>\r\n<p class=\"has-text-align-center has-medium-font-size\"><\/p>\r\n<p><!-- \/wp:post-content --><\/p>\r\n<p><!-- wp:paragraph {\"align\":\"center\",\"fontSize\":\"medium\"} --><\/p>\r\n<p class=\"has-medium-font-size\" style=\"text-align: center;\"><strong>Danses Standards<\/strong> : Valse Anglaise, Valse Viennoise, Tango, Slow-foxtrot, Quickstep<br \/><strong>Danses Latines<\/strong> : Samba, Rumba, Paso Doble, Cha-Cha-Cha, Jive (Rock), Modern Jive<\/p>\r\n<p><!-- \/wp:paragraph --><\/p>\r\n<p><!-- wp:paragraph {\"align\":\"center\",\"fontSize\":\"medium\"} --><\/p>\r\n<p class=\"has-medium-font-size\" style=\"text-align: center;\">Lieu : Salle Carsoule \u00e0 Montussan. 7 cours de La Raffette <br \/>Cours D\u00e9butant : Jeudi 20h15 &#8211; 21h15 <br \/>Cours Interm\u00e9diaire : Jeudi 21h15<br \/>Stages trimestriels et Bal Annuel<\/p>\r\n<p><!-- \/wp:paragraph --><\/p>\r\n<p><!-- wp:paragraph {\"fontSize\":\"medium\"} --><\/p>\r\n<p class=\"has-medium-font-size\" style=\"text-align: justify;\">Dans la joie et la convivialit\u00e9, venez vous initier gr\u00e2ce \u00e0 une \u00ab\u00a0<strong><em>M\u00e9thodologie d&rsquo;Apprentissage<\/em><\/strong>\u00a0\u00bb facile, progresser dans votre maintien corporel, votre harmonie et \u00e9l\u00e9gance. Vous mettez en oeuvre souffle vital et respiration fondamentale. <br \/>Cet atelier sportif et artistique combine tout \u00e0 la fois d\u00e9tente et l\u00e2cher-prise, \u00e9coute sensitive et connexion subtile, inspiration cr\u00e9atrice et recherche de perfection &#8230;<br \/>Danser active concentration, m\u00e9moire et facult\u00e9 d&rsquo;adaptation, am\u00e9liore le moral et l&rsquo;\u00e9quilibre, lib\u00e8re le stress et l&rsquo;anxi\u00e9t\u00e9, entretien le c\u0153ur et la circulation sanguine, favorise grandement endurance et souplesse.<br \/>Depuis l&rsquo;aube des temps, l&rsquo;humanit\u00e9 s&rsquo;exprime librement par la danse qui est conscience de soi dans l&rsquo;espace.<br \/>Le mouvement exprime la beaut\u00e9 de l&rsquo;\u00e2me, la danse est le rayonnement du c\u0153ur dans le partage et la g\u00e9n\u00e9rosit\u00e9.<br \/>\u00ab\u00a0<strong>Fa Si La Danser<\/strong>\u00ab\u00a0, c&rsquo;est vivre un r\u00e9el \u00e9panouissement \u00e9motionnel, un d\u00e9veloppement physique et psychologique vers la confiance et l&rsquo;affirmation de soi : r\u00e9v\u00e9ler toute la beaut\u00e9 de sa personnalit\u00e9, message d&rsquo;espoir et de bonheur !!!<\/p>\r\n<p class=\"has-medium-font-size\"><!-- \/wp:paragraph --><\/p>\r\n<p><!-- wp:paragraph {\"align\":\"center\",\"fontSize\":\"medium\"} --><\/p>\r\n<p class=\"has-medium-font-size\" style=\"text-align: center;\">Renseignements aupr\u00e8s de <span style=\"text-decoration: underline;\"><strong>Pierre-Alain Autier<\/strong><\/span> : 06.11.41.85.76<br \/><em>Professeur-Chor\u00e9graphe-Entra\u00eeneur au sein de la F\u00e9d\u00e9ration Fran\u00e7aise de Danse<br \/><\/em>ou par mail :\u00a0 <strong><a href=\"https:\/\/www.eveilpourpre.org\/contact\/\" target=\"_blank\" rel=\"noopener noreferrer\">contact<\/a><\/strong><\/p>\r\n<p class=\"has-medium-font-size\"><!-- \/wp:paragraph --><\/p>\r\n<p><!-- wp:paragraph {\"align\":\"center\",\"fontSize\":\"medium\"} --><\/p>\r\n<p class=\"has-medium-font-size\" style=\"text-align: center;\"><img loading=\"lazy\" decoding=\"async\" class=\"wp-image-227  alignleft\" src=\"http:\/\/localhost\/eveil\/wp-content\/uploads\/2019\/08\/danse-note3-2-300x205.png\" alt=\"\" width=\"233\" height=\"160\" srcset=\"https:\/\/eveilpourpre.ovh\/wp-content\/uploads\/2019\/08\/danse-note3-2-300x205.png 300w, https:\/\/eveilpourpre.ovh\/wp-content\/uploads\/2019\/08\/danse-note3-2.png 315w\" sizes=\"auto, (max-width: 233px) 100vw, 233px\" \/><img loading=\"lazy\" decoding=\"async\" class=\"alignright wp-image-195\" src=\"https:\/\/eveilpourpre.ovh\/wp-content\/uploads\/2019\/07\/petit-tango-nb-2.png\" alt=\"\" width=\"172\" height=\"172\" srcset=\"https:\/\/eveilpourpre.ovh\/wp-content\/uploads\/2019\/07\/petit-tango-nb-2.png 170w, https:\/\/eveilpourpre.ovh\/wp-content\/uploads\/2019\/07\/petit-tango-nb-2-150x150.png 150w\" sizes=\"auto, (max-width: 172px) 100vw, 172px\" \/>Adh\u00e9sion annuelle \u00e0 l&rsquo;association : 45 \u20ac <br \/>Atelier mensuel : 29 \u20ac<br \/>Cotisation annuelle : 250 \u20ac <br \/>Tarifs couple et enfants<br \/><strong> 1 cours d&rsquo;essai gratuit<\/strong><\/p>\r\n<p class=\"has-medium-font-size\"><!-- \/wp:paragraph --><\/p>\r\n<p><!-- wp:paragraph {\"align\":\"center\",\"fontSize\":\"medium\"} --><\/p>\r\n<p class=\"has-medium-font-size\" style=\"text-align: center;\">\u00a0<\/p>\r\n<p>Tenue d\u00e9cente exig\u00e9e, Chaussures de Danse fortement recommand\u00e9es<\/p>\r\n<p class=\"has-medium-font-size\"><!-- \/wp:paragraph --><\/p>","protected":false},"excerpt":{"rendered":"<p>\u00ab\u00a0Fa SI la Danser\u00a0\u00bb ATELIER MIS EN SOMMEIL Atelier de Danses de SalonDanse Sportiveavec Pierre-Alain Autier Danses Standards : Valse Anglaise, Valse Viennoise, Tango, Slow-foxtrot, QuickstepDanses Latines : Samba, Rumba, Paso Doble, Cha-Cha-Cha, Jive (Rock), Modern Jive Lieu : Salle Carsoule \u00e0 Montussan. 7 cours de La Raffette Cours D\u00e9butant : Jeudi 20h15 &#8211; 21h15 [&hellip;]<\/p>\n","protected":false},"author":2,"featured_media":0,"parent":0,"menu_order":0,"comment_status":"closed","ping_status":"closed","template":"prod_page_d_e_base.php","meta":{"om_disable_all_campaigns":false,"_monsterinsights_skip_tracking":false,"_monsterinsights_sitenote_active":false,"_monsterinsights_sitenote_note":"","_monsterinsights_sitenote_category":0,"footnotes":""},"class_list":["post-180","page","type-page","status-publish","hentry"],"aioseo_notices":[],"_links":{"self":[{"href":"https:\/\/eveilpourpre.ovh\/index.php\/wp-json\/wp\/v2\/pages\/180","targetHints":{"allow":["GET"]}}],"collection":[{"href":"https:\/\/eveilpourpre.ovh\/index.php\/wp-json\/wp\/v2\/pages"}],"about":[{"href":"https:\/\/eveilpourpre.ovh\/index.php\/wp-json\/wp\/v2\/types\/page"}],"author":[{"embeddable":true,"href":"https:\/\/eveilpourpre.ovh\/index.php\/wp-json\/wp\/v2\/users\/2"}],"replies":[{"embeddable":true,"href":"https:\/\/eveilpourpre.ovh\/index.php\/wp-json\/wp\/v2\/comments?post=180"}],"version-history":[{"count":6,"href":"https:\/\/eveilpourpre.ovh\/index.php\/wp-json\/wp\/v2\/pages\/180\/revisions"}],"predecessor-version":[{"id":341,"href":"https:\/\/eveilpourpre.ovh\/index.php\/wp-json\/wp\/v2\/pages\/180\/revisions\/341"}],"wp:attachment":[{"href":"https:\/\/eveilpourpre.ovh\/index.php\/wp-json\/wp\/v2\/media?parent=180"}],"curies":[{"name":"wp","href":"https:\/\/api.w.org\/{rel}","templated":true}]}}