{"id":16,"date":"2014-10-29T15:13:57","date_gmt":"2014-10-29T14:13:57","guid":{"rendered":"http:\/\/www.eveilpourpre.org\/?page_id=16"},"modified":"2025-03-19T17:42:01","modified_gmt":"2025-03-19T16:42:01","slug":"la-loge-de-labeille","status":"publish","type":"page","link":"https:\/\/eveilpourpre.ovh\/index.php\/la-loge-de-labeille\/","title":{"rendered":"La loge de l&rsquo;Abeille"},"content":{"rendered":"\n\t\t<style type=\"text\/css\">\n\t\t\t#gallery-1 {\n\t\t\t\tmargin: auto;\n\t\t\t}\n\t\t\t#gallery-1 .gallery-item {\n\t\t\t\tfloat: left;\n\t\t\t\tmargin-top: 10px;\n\t\t\t\ttext-align: center;\n\t\t\t\twidth: 25%;\n\t\t\t}\n\t\t\t#gallery-1 img {\n\t\t\t\tborder: 2px solid #cfcfcf;\n\t\t\t}\n\t\t\t#gallery-1 .gallery-caption {\n\t\t\t\tmargin-left: 0;\n\t\t\t}\n\t\t\t\/* see gallery_shortcode() in wp-includes\/media.php *\/\n\t\t<\/style>\n\t\t<div id='gallery-1' class='gallery galleryid-16 gallery-columns-4 gallery-size-thumbnail'><dl class='gallery-item'>\n\t\t\t<dt class='gallery-icon landscape'>\n\t\t\t\t<a href='https:\/\/eveilpourpre.ovh\/index.php\/la-loge-de-labeille\/p1030236\/'><img loading=\"lazy\" decoding=\"async\" width=\"150\" height=\"150\" src=\"https:\/\/eveilpourpre.ovh\/wp-content\/uploads\/2014\/10\/P1030236-2-1-150x150.jpg\" class=\"attachment-thumbnail size-thumbnail\" alt=\"L&#039;apiculteur\" aria-describedby=\"gallery-1-32\" \/><\/a>\n\t\t\t<\/dt>\n\t\t\t\t<dd class='wp-caption-text gallery-caption' id='gallery-1-32'>\n\t\t\t\tL&rsquo;apiculteur\n\t\t\t\t<\/dd><\/dl><dl class='gallery-item'>\n\t\t\t<dt class='gallery-icon portrait'>\n\t\t\t\t<a href='https:\/\/eveilpourpre.ovh\/index.php\/la-loge-de-labeille\/piege2\/'><img loading=\"lazy\" decoding=\"async\" width=\"150\" height=\"150\" src=\"https:\/\/eveilpourpre.ovh\/wp-content\/uploads\/2016\/04\/piege2-2-scaled-1-150x150.jpg\" class=\"attachment-thumbnail size-thumbnail\" alt=\"\" aria-describedby=\"gallery-1-84\" \/><\/a>\n\t\t\t<\/dt>\n\t\t\t\t<dd class='wp-caption-text gallery-caption' id='gallery-1-84'>\n\t\t\t\tPi\u00e8ge\n\t\t\t\t<\/dd><\/dl><dl class='gallery-item'>\n\t\t\t<dt class='gallery-icon portrait'>\n\t\t\t\t<a href='https:\/\/eveilpourpre.ovh\/index.php\/la-loge-de-labeille\/piege1\/'><img loading=\"lazy\" decoding=\"async\" width=\"150\" height=\"150\" src=\"https:\/\/eveilpourpre.ovh\/wp-content\/uploads\/2016\/04\/piege1-2-scaled-1-150x150.jpg\" class=\"attachment-thumbnail size-thumbnail\" alt=\"\" aria-describedby=\"gallery-1-83\" \/><\/a>\n\t\t\t<\/dt>\n\t\t\t\t<dd class='wp-caption-text gallery-caption' id='gallery-1-83'>\n\t\t\t\tDans le pi\u00e8ge\n\t\t\t\t<\/dd><\/dl><dl class='gallery-item'>\n\t\t\t<dt class='gallery-icon landscape'>\n\t\t\t\t<a href='https:\/\/eveilpourpre.ovh\/index.php\/la-loge-de-labeille\/p1030444\/'><img loading=\"lazy\" decoding=\"async\" width=\"150\" height=\"150\" src=\"https:\/\/eveilpourpre.ovh\/wp-content\/uploads\/2014\/10\/P1030444-2-1-150x150.jpg\" class=\"attachment-thumbnail size-thumbnail\" alt=\"Eric Jean Salis\" aria-describedby=\"gallery-1-34\" \/><\/a>\n\t\t\t<\/dt>\n\t\t\t\t<dd class='wp-caption-text gallery-caption' id='gallery-1-34'>\n\t\t\t\tEric Jean Salis\n\t\t\t\t<\/dd><\/dl><br style=\"clear: both\" \/>\n\t\t<\/div>\n\n<p style=\"text-align: justify;\">Le printemps revient et nous nous en r\u00e9jouissons . Malheureusement r\u00e9appara\u00eet avec lui l\u2019un des plus gros pr\u00e9dateurs destructeurs de nos ch\u00e8res abeilles , j\u2019ai nomm\u00e9 le frelon asiatique \u00ab\u00a0Vespa Velutina\u00a0\u00bb . La France est colonis\u00e9e \u00e0 90% , c\u2019est un v\u00e9ritable fl\u00e9au\u00a0! Tous les apiculteurs sont compl\u00e8tement d\u00e9sempar\u00e9s et totalement abandonn\u00e9s des pouvoirs publics , d\u00e9j\u00e0 que les produits chimiques tueurs\u00a0 contribuent \u00e0 la destruction massive des abeilles\u00a0!!! Mesdames , Messieurs , le pi\u00e9geage des fondatrices est primordial en ce mois de Mars et d\u2019Avril\u00a0; car une fondatrice \u00e9radiqu\u00e9e c\u2019est un nid de frelons qui n\u2019existera jamais et ce sont des milliers de frelons qui ne na\u00eetront pas . Vous pouvez ainsi nous aider \u00e0 limiter la propagation de ce nuisible qui n\u2019est d\u2019aucune utilit\u00e9 \u00e0 la pollinisation et au maintien merveilleux de la vie florale et v\u00e9g\u00e9tale , et qui se comporte comme un Alien seulement \u00e0 se repa\u00eetre de la chair des abeilles . Nos belles ouvri\u00e8res europ\u00e9ennes ne sont pas arm\u00e9es pour se d\u00e9fendre seules contre cet agresseur insatiable et sans piti\u00e9 . La mise en place d\u2019un pi\u00e8ge dans votre jardin est un jeu d\u2019enfant\u00a0avec un peu d\u2019eau et d\u2019app\u00e2t . Les pi\u00e8ges ronds avec ouverture inf\u00e9rieure sont excellents car prot\u00e9g\u00e9s de l\u2019eau de pluie\u00a0; accrochez le \u00e0 1 m\u00e8tre du sol maximum\u00a0; vous ferez un remplissage jusqu\u2019au trait avec 70% de grenadine et 30% de bi\u00e8re blonde 1<sup>er<\/sup> prix\u00a0; c\u2019est la bi\u00e8re par son amertume qui repoussera les abeilles afin qu\u2019elles ne soient pas attir\u00e9es par le sucre du sirop . Lorsque vous viderez r\u00e9guli\u00e8rement le pi\u00e8ge rempli de dizaines de frelons , laissez un peu de cadavres de frelons car ils sont attir\u00e9s par la prot\u00e9ine de leur propre chair , ils s\u2019attaquent et se d\u00e9vorent entre eux .<\/p>\n<p style=\"text-align: justify;\">Un pi\u00e8ge est tr\u00e8s efficace\u00a0: celui de V\u00e9to-Pharma , tout petit mais un des meilleurs niveau capture de frelons , avec son attractif naturel sp\u00e9cialement formul\u00e9 . Rendez-vous sur\u00a0: <a href=\"http:\/\/www.veto-pharma.fr\/\" target=\"_blank\" rel=\"noopener\">www.veto-pharma.fr<\/a> . Par notre exp\u00e9rience d\u2019apiculteurs artisanaux , nous disons qu\u2019il faut maintenir les pi\u00e8ges depuis le printemps jusqu\u2019\u00e0 l\u2019hiver , car avec nos changements climatiques et les douceurs de temp\u00e9ratures , il y a eu des frelons jusqu\u2019\u00e0 D\u00e9cembre dernier . Et c\u2019est terrible , car plusieurs frelons en vol stationnaire devant les ruches , avant m\u00eame d\u2019attraper leurs proies , stressent d\u00e9j\u00e0 tellement les abeilles , que par leur seule pr\u00e9sence , ils peuvent d\u00e9cimer l\u2019 essaim .<\/p>\n<p style=\"text-align: justify;\">Je vous rappelle qu\u2019il est interdit de tuer les abeilles , elles sont une esp\u00e8ce prot\u00e9g\u00e9e . Vous avez un essaim qui s\u2019est install\u00e9 chez vous , appelez un apiculteur qui fera tout son possible pour le r\u00e9cup\u00e9rer sans l\u2019abimer. Sachez que les pompiers n\u2019interviennent plus .<br \/>\nConcernant un nid de frelons , ne tentez pas de le d\u00e9truire vous \u2013m\u00eames , s\u2019ils attaquent en groupe , c\u2019est dangereux et mortel\u00a0; un frelon ne perd pas son dard , pique plusieurs fois et le venin qu\u2019il va vous projeter\u00a0 au visage peut vous rendre aveugle . Contactez la mairie qui vous donnera la liste agr\u00e9\u00e9e des professionnels \u00e9radiqueurs de frelons , \u00e9galement les syndicats apicoles o\u00f9 les apiculteurs s\u2019entraident avec le mat\u00e9riel adapt\u00e9 . Il vous sera peut-\u00eatre demand\u00e9 une petite part financi\u00e8re\u00a0: soyez compr\u00e9hensifs\u00a0: tous les \u00e9quipements et l\u2019essence co\u00fbtent cher avec plusieurs interventions par semaine ou par jour\u00a0!<\/p>\n<p style=\"text-align: justify;\">Vous avez le doute sur les insectes qui circulent chez vous , observez les et identifiez \u2013les gr\u00e2ce aux photos sur internet\u00a0; et avant de faire quoique ce soit , demandez \u2013 nous de l\u2019aide .<\/p>\n<p style=\"text-align: justify;\">Et convertissez-vous une bonne fois pour toute \u00e0 l\u2019agriculture et au jardinage biologique\u00a0: c\u2019est le bon sens ancien de nos anc\u00eatres , le mode le plus \u00e9conomique , le plus ind\u00e9pendant puisque vous n\u2019\u00eates pas esclaves des grands lobbys agro-chimico-industriels . Vous ne sauverez pas uniquement les abeilles et toutes les autres esp\u00e8ces vivantes , vous sauverez vos enfants et les humains tout simplement\u00a0! Albert Einstein a pr\u00e9dit que si les abeilles mourraient , il restait 5 ans de vie sur terre aux hommes par destruction de la cha\u00eene alimentaire . C\u2019est la s\u00e9curit\u00e9 alimentaire qui est impact\u00e9e . Sans les abeilles , il n\u2019y a plus de vie sur terre . S\u2019il n\u2019y a plus d\u2019insectes pollinisateurs , il n\u2019y a plus de diversit\u00e9 v\u00e9g\u00e9tale\u00a0; s\u2019il n\u2019y a plus de v\u00e9g\u00e9taux , il n\u2019y a plus rien pour nourrir les animaux\u00a0; s\u2019il n\u2019y a plus d\u2019animaux , il ne restera que des cailloux \u00e0 manger \u2026 Ce sera un peu lourd \u00e0 dig\u00e9rer\u00a0! Nous pouvons encore sauver cette plan\u00e8te et tout ce qui s\u2019y trouve par le respect , l\u2019amour et la bonne volont\u00e9 .<\/p>\n<p style=\"text-align: justify;\">Vous voulez aimer les abeilles\u00a0? Installez des plantes mellif\u00e8res\u00a0pour recr\u00e9er la bio-diversit\u00e9 . Ces insectes b\u00e9nis et tous les papillons vous le rendront bien\u00a0: votre beau jardin sera pollinis\u00e9 \u00e0 souhait et conna\u00eetra une abondance de r\u00e9coltes sans pareil , et tel l\u2019Eden un enchantement de couleurs et de parfums\u00a0! Parents , dirigez vos enfants vers les \u00e9tudes scientifiques m\u00e9connues en recherche apicole pour des m\u00e9tiers qui proposent des projets de recherche passionnants avec des \u00e9changes dans le monde entier\u00a0!<\/p>\n<p style=\"text-align: justify;\">Consommez le miel \u00ab\u00a0 m\u00e9dicament incomparable\u00a0!\u00a0\u00bb , le pollen , la propolis , la gel\u00e9e royale d\u2019apiculteurs artisanaux , voire bio\u00a0; boycottez les miels chauff\u00e9s\u00a0! Sucr\u00e9s\u00a0! Color\u00e9s\u00a0! Dilu\u00e9s\u00a0! M\u00e9lang\u00e9s\u00a0! De provenances douteuses \u2026<\/p>\n<p>Nous nous tenons \u00e0 votre disposition pour toute aide et mise en place que vous souhaitez et informations , tr\u00e8s cordialement , <strong>Jean-Eric Salis<\/strong> apiculteur, technicien sanitaire apicole dipl\u00f4m\u00e9 et supervisateur v\u00e9t\u00e9rinaire des ruchers r\u00e9gionaux ,<\/p>\n<p style=\"text-align: center;\"><strong>Tel\u00a0: 06 11 58 50 43 \u00a0 \u00a0 \u00a0 \u00a0 \u00a0 \u00a0 Courriel\u00a0: ericsalis@sfr.fr<\/strong><\/p>\n<p>Ecoles , Biblioth\u00e8ques , Associations , Collectivit\u00e9s , etc\u2026, vous souhaitez une conf\u00e9rence\u00a0, une formation ? Nous venons \u00e0 votre rencontre et vous raconterons la magie des abeilles , de ces travailleuses g\u00e9n\u00e9reuses et infatigables , avec toute notre gratitude\u00a0!<\/p>\n","protected":false},"excerpt":{"rendered":"<p>Le printemps revient et nous nous en r\u00e9jouissons . Malheureusement r\u00e9appara\u00eet avec lui l\u2019un des plus gros pr\u00e9dateurs destructeurs de nos ch\u00e8res abeilles , j\u2019ai nomm\u00e9 le frelon asiatique \u00ab\u00a0Vespa Velutina\u00a0\u00bb . La France est colonis\u00e9e \u00e0 90% , c\u2019est un v\u00e9ritable fl\u00e9au\u00a0! Tous les apiculteurs sont compl\u00e8tement d\u00e9sempar\u00e9s et totalement abandonn\u00e9s des pouvoirs publics [&hellip;]<\/p>\n","protected":false},"author":2,"featured_media":0,"parent":0,"menu_order":0,"comment_status":"open","ping_status":"open","template":"prod_page_d_e_base.php","meta":{"om_disable_all_campaigns":false,"_monsterinsights_skip_tracking":false,"_monsterinsights_sitenote_active":false,"_monsterinsights_sitenote_note":"","_monsterinsights_sitenote_category":0,"footnotes":""},"class_list":["post-16","page","type-page","status-publish","hentry"],"aioseo_notices":[],"_links":{"self":[{"href":"https:\/\/eveilpourpre.ovh\/index.php\/wp-json\/wp\/v2\/pages\/16","targetHints":{"allow":["GET"]}}],"collection":[{"href":"https:\/\/eveilpourpre.ovh\/index.php\/wp-json\/wp\/v2\/pages"}],"about":[{"href":"https:\/\/eveilpourpre.ovh\/index.php\/wp-json\/wp\/v2\/types\/page"}],"author":[{"embeddable":true,"href":"https:\/\/eveilpourpre.ovh\/index.php\/wp-json\/wp\/v2\/users\/2"}],"replies":[{"embeddable":true,"href":"https:\/\/eveilpourpre.ovh\/index.php\/wp-json\/wp\/v2\/comments?post=16"}],"version-history":[{"count":1,"href":"https:\/\/eveilpourpre.ovh\/index.php\/wp-json\/wp\/v2\/pages\/16\/revisions"}],"predecessor-version":[{"id":321,"href":"https:\/\/eveilpourpre.ovh\/index.php\/wp-json\/wp\/v2\/pages\/16\/revisions\/321"}],"wp:attachment":[{"href":"https:\/\/eveilpourpre.ovh\/index.php\/wp-json\/wp\/v2\/media?parent=16"}],"curies":[{"name":"wp","href":"https:\/\/api.w.org\/{rel}","templated":true}]}}